{"id":2,"date":"2025-12-16T08:05:18","date_gmt":"2025-12-16T08:05:18","guid":{"rendered":"http:\/\/salleduloupgarou.be\/?page_id=2"},"modified":"2026-03-21T15:16:22","modified_gmt":"2026-03-21T14:16:22","slug":"sample-page","status":"publish","type":"page","link":"https:\/\/salleduloupgarou.be\/index.php\/sample-page\/","title":{"rendered":"Infos pratiques"},"content":{"rendered":"\n<p><mark style=\"background-color:rgba(0, 0, 0, 0)\" class=\"has-inline-color has-primary-color\">Equipement:<\/mark><\/p>\n\n\n\n<p>120 places assises.<\/p>\n\n\n\n<p>Sc\u00e8ne, local polyvalent, toilettes.<\/p>\n\n\n\n<p><mark style=\"background-color:rgba(0, 0, 0, 0)\" class=\"has-inline-color has-primary-color\">Cuisine \u00e9quip\u00e9e<\/mark> avec lave-vaisselle, micro-ondes, 2 samovars, percolateur, cuisini\u00e8re \u00e0 gaz, four, frigos, cong\u00e9lateur, vaisselle, couverts, verres.<\/p>\n\n\n\n<p>Terrasse ext\u00e9rieure, plaine de jeux, pelouse.<\/p>\n\n\n\n<p><mark style=\"background-color:rgba(0, 0, 0, 0)\" class=\"has-inline-color has-primary-color\">Tarifs:<\/mark><\/p>\n\n\n\n<p>250\u20ac de caution.<br>275\u20ac la location de 2 jours, charges comprises (\u00e9lectricit\u00e9 et chauffage).<br>50\u20ac de nettoyage (s\u00e9par\u00e9ment, en liquide).<\/p>\n\n\n\n<p>Enterrements: 70\u20ac<\/p>\n\n\n\n<p><em>La r\u00e9servation est effective \u00e0 la r\u00e9ception de la caution.<\/em><\/p>\n\n\n\n<p><mark style=\"background-color:rgba(0, 0, 0, 0)\" class=\"has-inline-color has-primary-color\">Adresse:<\/mark><\/p>\n\n\n\n<p class=\"has-text-align-left\">Rue de Libin 40, 6890 Smuid (Libin)<\/p>\n\n\n\n<p><iframe src=\"https:\/\/www.google.com\/maps\/embed?pb=!1m18!1m12!1m3!1d2680.4924469737516!2d5.263478312040978!3d50.017745818306295!2m3!1f0!2f0!3f0!3m2!1i1024!2i768!4f13.1!3m3!1m2!1s0x47c02d0070b5396b%3A0x54f05bfaa563ffc8!2sSalle%20du%20Loup%20Garou!5e1!3m2!1sfr!2sbe!4v1769337762005!5m2!1sfr!2sbe\" width=\"600\" height=\"450\" style=\"border:0;\" allowfullscreen=\"\" loading=\"lazy\" referrerpolicy=\"no-referrer-when-downgrade\"><\/iframe><\/p>\n","protected":false},"excerpt":{"rendered":"<p>Equipement: 120 places assises. Sc\u00e8ne, local polyvalent, toilettes. Cuisine \u00e9quip\u00e9e avec lave-vaisselle, micro-ondes, 2 samovars, percolateur, cuisini\u00e8re \u00e0 gaz, four, frigos, cong\u00e9lateur, vaisselle, couverts, verres. Terrasse ext\u00e9rieure, plaine de jeux, pelouse. Tarifs: 250\u20ac de caution.275\u20ac la location de 2 jours, charges comprises (\u00e9lectricit\u00e9 et chauffage).50\u20ac de nettoyage (s\u00e9par\u00e9ment, en liquide). Enterrements: 70\u20ac La r\u00e9servation est [&hellip;]<\/p>\n","protected":false},"author":2,"featured_media":0,"parent":0,"menu_order":0,"comment_status":"closed","ping_status":"closed","template":"","meta":{"footnotes":""},"class_list":["post-2","page","type-page","status-publish","hentry"],"_links":{"self":[{"href":"https:\/\/salleduloupgarou.be\/index.php\/wp-json\/wp\/v2\/pages\/2","targetHints":{"allow":["GET"]}}],"collection":[{"href":"https:\/\/salleduloupgarou.be\/index.php\/wp-json\/wp\/v2\/pages"}],"about":[{"href":"https:\/\/salleduloupgarou.be\/index.php\/wp-json\/wp\/v2\/types\/page"}],"author":[{"embeddable":true,"href":"https:\/\/salleduloupgarou.be\/index.php\/wp-json\/wp\/v2\/users\/2"}],"replies":[{"embeddable":true,"href":"https:\/\/salleduloupgarou.be\/index.php\/wp-json\/wp\/v2\/comments?post=2"}],"version-history":[{"count":20,"href":"https:\/\/salleduloupgarou.be\/index.php\/wp-json\/wp\/v2\/pages\/2\/revisions"}],"predecessor-version":[{"id":120,"href":"https:\/\/salleduloupgarou.be\/index.php\/wp-json\/wp\/v2\/pages\/2\/revisions\/120"}],"wp:attachment":[{"href":"https:\/\/salleduloupgarou.be\/index.php\/wp-json\/wp\/v2\/media?parent=2"}],"curies":[{"name":"wp","href":"https:\/\/api.w.org\/{rel}","templated":true}]}}