{"id":49,"date":"2026-01-24T12:23:55","date_gmt":"2026-01-24T11:23:55","guid":{"rendered":"https:\/\/salleduloupgarou.be\/?page_id=49"},"modified":"2026-04-05T15:12:44","modified_gmt":"2026-04-05T13:12:44","slug":"reserver","status":"publish","type":"page","link":"https:\/\/salleduloupgarou.be\/index.php\/reserver\/","title":{"rendered":"R\u00e9server"},"content":{"rendered":"\n<p>Pour r\u00e9server, vous pouvez nous contacter \u00e0 info@salleduloupgarou.be ou compl\u00e9ter le formulaire suivant. <br><\/p>\n\n\n\n<p>Pas de r\u00e9servation par t\u00e9l\u00e9phone.<\/p>\n\n\n\n<p>Apr\u00e8s r\u00e9ception de la caution, votre r\u00e9servation sera effective et apparaitra \u00ab\u00a0Occup\u00e9e\u00a0\u00bb dans l&rsquo;agenda.<\/p>\n\n\n\n<div class=\"forminator-guttenberg\"><div class=\"forminator-ui forminator-custom-form forminator-custom-form-78 forminator-design--default  forminator_ajax\" data-forminator-render=\"0\" data-form=\"forminator-module-78\" data-uid=\"69dff9eda9ec3\"><br\/><\/div><form\n\t\t\t\tid=\"forminator-module-78\"\n\t\t\t\tclass=\"forminator-ui forminator-custom-form forminator-custom-form-78 forminator-design--default  forminator_ajax\"\n\t\t\t\tmethod=\"post\"\n\t\t\t\tdata-forminator-render=\"0\"\n\t\t\t\tdata-form-id=\"78\"\n\t\t\t\t data-color-option=\"theme\" data-design=\"default\" data-grid=\"open\" style=\"display: none;\"\n\t\t\t\tdata-uid=\"69dff9eda9ec3\"\n\t\t\t><div role=\"alert\" aria-live=\"polite\" class=\"forminator-response-message forminator-error\" aria-hidden=\"true\"><\/div><div class=\"forminator-row\"><div id=\"name-3\" class=\"forminator-field-name forminator-col forminator-col-12 \"><div class=\"forminator-row forminator-no-margin\" data-multiple=\"true\"><div class=\"forminator-col forminator-col-md-6\"><div class=\"forminator-field\"><label for=\"forminator-field-first-name-3_69dff9eda9ec3\" id=\"forminator-field-first-name-3_69dff9eda9ec3-label\" class=\"forminator-label\">Pr\u00e9nom <span class=\"forminator-required\">*<\/span><\/label><input type=\"text\" name=\"name-3-first-name\" placeholder=\"\" id=\"forminator-field-first-name-3_69dff9eda9ec3\" class=\"forminator-input\" aria-required=\"true\" data-multi=\"1\" autocomplete=\"given-name\" value=\"\" \/><\/div><\/div><div class=\"forminator-col forminator-col-md-6\"><div class=\"forminator-field\"><label for=\"forminator-field-last-name-3_69dff9eda9ec3\" id=\"forminator-field-last-name-3_69dff9eda9ec3-label\" class=\"forminator-label\">Nom <span class=\"forminator-required\">*<\/span><\/label><input type=\"text\" name=\"name-3-last-name\" placeholder=\"\" id=\"forminator-field-last-name-3_69dff9eda9ec3\" class=\"forminator-input\" aria-required=\"true\" data-multi=\"1\" autocomplete=\"family-name\" value=\"\" \/><\/div><\/div><\/div><\/div><\/div><div class=\"forminator-row\"><div id=\"email-1\" class=\"forminator-field-email forminator-col forminator-col-12 \"><div class=\"forminator-field\"><label for=\"forminator-field-email-1_69dff9eda9ec3\" id=\"forminator-field-email-1_69dff9eda9ec3-label\" class=\"forminator-label\">E-mail <span class=\"forminator-required\">*<\/span><\/label><input type=\"email\" name=\"email-1\" value=\"\" placeholder=\"\" id=\"forminator-field-email-1_69dff9eda9ec3\" class=\"forminator-input forminator-email--field\" data-required=\"true\" aria-required=\"true\" autocomplete=\"email\" \/><\/div><\/div><\/div><div class=\"forminator-row\"><div id=\"phone-1\" class=\"forminator-field-phone forminator-col forminator-col-12 \"><div class=\"forminator-field\"><label for=\"forminator-field-phone-1_69dff9eda9ec3\" id=\"forminator-field-phone-1_69dff9eda9ec3-label\" class=\"forminator-label\">T\u00e9l\u00e9phone <span class=\"forminator-required\">*<\/span><\/label><input type=\"text\" name=\"phone-1\" value=\"\" placeholder=\"\" id=\"forminator-field-phone-1_69dff9eda9ec3\" class=\"forminator-input forminator-field--phone\" data-required=\"1\" aria-required=\"true\" autocomplete=\"off\" \/><\/div><\/div><\/div><div class=\"forminator-row\"><div id=\"date-1\" class=\"forminator-field-date forminator-col forminator-col-12 \"><div class=\"forminator-field\"><label for=\"forminator-field-date-1-picker_69dff9eda9ec3\" id=\"forminator-field-date-1-picker_69dff9eda9ec3-label\" class=\"forminator-label\">Date souhait\u00e9e pour votre \u00e9v\u00e9nement <span class=\"forminator-required\">*<\/span><\/label><div class=\"forminator-input-with-icon\"><span class=\"forminator-icon-calendar\" aria-hidden=\"true\"><\/span><input autocomplete=\"off\" type=\"text\" size=\"1\" name=\"date-1\" value=\"\" placeholder=\"\" id=\"forminator-field-date-1-picker_69dff9eda9ec3\" class=\"forminator-input forminator-datepicker\" data-required=\"1\" data-format=\"dd\/mm\/yy\" data-restrict-type=\"\" data-restrict=\"\" data-start-year=\"1926\" data-end-year=\"2126\" data-past-dates=\"enable\" data-start-of-week=\"1\" data-start-date=\"\" data-end-date=\"\" data-start-field=\"\" data-end-field=\"\" data-start-offset=\"\" data-end-offset=\"\" data-disable-date=\"\" data-disable-range=\"\" \/><\/div><\/div><\/div><\/div><div class=\"forminator-row\"><div id=\"number-1\" class=\"forminator-field-number forminator-col forminator-col-12 \"><div class=\"forminator-field\"><label for=\"forminator-field-number-1_69dff9eda9ec3\" id=\"forminator-field-number-1_69dff9eda9ec3-label\" class=\"forminator-label\">Nombre de personnes attendues <span class=\"forminator-required\">*<\/span><\/label><input name=\"number-1\" value=\"\" placeholder=\"\" id=\"forminator-field-number-1_69dff9eda9ec3\" class=\"forminator-input forminator-number--field\" inputmode=\"decimal\" data-required=\"1\" data-decimals=\"0\" aria-required=\"true\" data-inputmask=\"&#039;groupSeparator&#039;: &#039;&#039;, &#039;radixPoint&#039;: &#039;&#039;, &#039;digits&#039;: &#039;0&#039;\" data-hidden-behavior=\"zero\" type=\"number\" step=\"any\" min=\"2\" max=\"120\" \/><\/div><\/div><\/div><div class=\"forminator-row\"><div id=\"textarea-1\" class=\"forminator-field-textarea forminator-col forminator-col-12 \"><div class=\"forminator-field\"><label for=\"forminator-field-textarea-1_69dff9eda9ec3\" id=\"forminator-field-textarea-1_69dff9eda9ec3-label\" class=\"forminator-label\">Votre message<\/label><span id=\"forminator-field-textarea-1_69dff9eda9ec3-description\" class=\"forminator-description\"><span data-limit=\"180\" data-type=\"characters\" data-editor=\"\">0 \/ 180<\/span><\/span><textarea name=\"textarea-1\" placeholder=\"\" id=\"forminator-field-textarea-1_69dff9eda9ec3\" class=\"forminator-textarea\" rows=\"6\" style=\"min-height:140px;\" maxlength=\"180\" ><\/textarea><\/div><\/div><\/div><input type=\"hidden\" name=\"referer_url\" value=\"\" \/><div class=\"forminator-row forminator-row-last\"><div class=\"forminator-col\"><div class=\"forminator-field\"><button class=\"forminator-button forminator-button-submit\">Envoyer<\/button><\/div><\/div><\/div><input type=\"hidden\" id=\"forminator_nonce\" name=\"forminator_nonce\" value=\"18fed901d7\" \/><input type=\"hidden\" name=\"_wp_http_referer\" value=\"\/index.php\/wp-json\/wp\/v2\/pages\/49\" \/><input type=\"hidden\" name=\"form_id\" value=\"78\"><input type=\"hidden\" name=\"page_id\" value=\"49\"><input type=\"hidden\" name=\"form_type\" value=\"default\"><input type=\"hidden\" name=\"current_url\" value=\"https:\/\/salleduloupgarou.be\/index.php\/reserver\/\"><input type=\"hidden\" name=\"render_id\" value=\"0\"><input type=\"hidden\" name=\"action\" value=\"forminator_submit_form_custom-forms\"><label for=\"input_7\" class=\"forminator-hidden\" aria-hidden=\"true\">Please do not fill in this field. <input id=\"input_7\" type=\"text\" name=\"input_7\" value=\"\" autocomplete=\"off\"><\/label><\/form><\/div>\n","protected":false},"excerpt":{"rendered":"<p>Pour r\u00e9server, vous pouvez nous contacter \u00e0 info@salleduloupgarou.be ou compl\u00e9ter le formulaire suivant. Pas de r\u00e9servation par t\u00e9l\u00e9phone. Apr\u00e8s r\u00e9ception de la caution, votre r\u00e9servation sera effective et apparaitra \u00ab\u00a0Occup\u00e9e\u00a0\u00bb dans l&rsquo;agenda.<\/p>\n","protected":false},"author":1,"featured_media":0,"parent":0,"menu_order":0,"comment_status":"closed","ping_status":"closed","template":"","meta":{"footnotes":""},"class_list":["post-49","page","type-page","status-publish","hentry"],"_links":{"self":[{"href":"https:\/\/salleduloupgarou.be\/index.php\/wp-json\/wp\/v2\/pages\/49","targetHints":{"allow":["GET"]}}],"collection":[{"href":"https:\/\/salleduloupgarou.be\/index.php\/wp-json\/wp\/v2\/pages"}],"about":[{"href":"https:\/\/salleduloupgarou.be\/index.php\/wp-json\/wp\/v2\/types\/page"}],"author":[{"embeddable":true,"href":"https:\/\/salleduloupgarou.be\/index.php\/wp-json\/wp\/v2\/users\/1"}],"replies":[{"embeddable":true,"href":"https:\/\/salleduloupgarou.be\/index.php\/wp-json\/wp\/v2\/comments?post=49"}],"version-history":[{"count":6,"href":"https:\/\/salleduloupgarou.be\/index.php\/wp-json\/wp\/v2\/pages\/49\/revisions"}],"predecessor-version":[{"id":123,"href":"https:\/\/salleduloupgarou.be\/index.php\/wp-json\/wp\/v2\/pages\/49\/revisions\/123"}],"wp:attachment":[{"href":"https:\/\/salleduloupgarou.be\/index.php\/wp-json\/wp\/v2\/media?parent=49"}],"curies":[{"name":"wp","href":"https:\/\/api.w.org\/{rel}","templated":true}]}}